{"id":159,"date":"2020-11-05T14:12:30","date_gmt":"2020-11-05T13:12:30","guid":{"rendered":"https:\/\/astrobook.fr\/?post_type=product&#038;p=159"},"modified":"2026-02-02T17:37:57","modified_gmt":"2026-02-02T16:37:57","slug":"atlas-des-constellations-tome-2-ciel-austral","status":"publish","type":"product","link":"https:\/\/astrobook.fr\/?product=atlas-des-constellations-tome-2-ciel-austral","title":{"rendered":"Atlas des Constellations &#8211; Tome 2 : Ciel Austral"},"content":{"rendered":"<p>Les atlas imprim\u00e9s \u00e9tant d\u00e9clin\u00e9s suivant deux versions (<em>format A4 ou format r\u00e9duit 17\u00d724 cm<\/em>), il s\u2019agit ici du second tome de la version en format r\u00e9duit. <strong>Le tome 2 correspond au ciel de l\u2019h\u00e9misph\u00e8re sud<\/strong> (<em>Ciel Austral<\/em>). Les constellations zodiacales ne figurent pas sur ce tome, \u00e9tant d\u00e9j\u00e0 trait\u00e9es sur le tome 1.<\/p>\n<p>Cet atlas se veut \u00eatre avant tout <span style=\"color: #ff6600;\"><strong>un outil d\u2019aide au rep\u00e9rage<\/strong><\/span> des objets du ciel profond et \u00e0 \u00e9t\u00e9 con\u00e7u pour <span style=\"color: #ff6600;\"><strong>une utilisation optimale sur le terrain<\/strong><\/span>, il pr\u00e9sente en cela des caract\u00e9ristiques plus appropri\u00e9es \u00e0 cet objectif :<\/p>\n<p>&nbsp;<\/p>\n<ul>\n<li>Impression en noir et blanc pour un meilleur contraste et lisibilit\u00e9 la nuit avec une lampe rouge.<\/li>\n<li>Format \u00ab\u00a0pocket\u00a0\u00bb toujours lisible et moins encombrant \u00e0 transporter.<\/li>\n<li>Reliure spirale plus facile \u00e0 manipuler et papier semi rigide de type \u00ab\u00a0fiche Bristol\u00a0\u00bb.<\/li>\n<li>Mise en page optimis\u00e9e, une double page pour chaque constellations (<em> pas de pages \u00e0 tourner pour avoir toutes les infos<\/em>).<\/li>\n<li>Caract\u00e8res gras et surlignage gris sur les cartes des objet list\u00e9 dans le tableau en page de droite pour un rep\u00e9rage plus rapide.<\/li>\n<li>Des cartes de champs couvrant 1\u00b0 (<em>sauf mention contraire<\/em>) pour aider \u00e0 l\u2019identification de l\u2019objet observ\u00e9.<\/li>\n<li>Tableau de proposition d\u2019objets les plus int\u00e9ressants (page de droite) avec leur caract\u00e9ristiques \u00e9l\u00e9mentaires (<em>coordonn\u00e9es, magnitudes, etc.<\/em>).<\/li>\n<\/ul>\n","protected":false},"excerpt":{"rendered":"<p>Tome 2 : <strong>Ciel Austral<\/strong>\u00a0en format \u00ab\u00a0pocket\u00a0\u00bb (17 x 24 cm)<\/p>\n","protected":false},"featured_media":156,"comment_status":"open","ping_status":"closed","template":"","meta":[],"product_cat":[17],"product_tag":[21],"class_list":{"0":"post-159","1":"product","2":"type-product","3":"status-publish","4":"has-post-thumbnail","6":"product_cat-ouvrages-imprimes","7":"product_tag-adc2p","8":"product_shipping_class-expt2","10":"first","11":"instock","12":"sold-individually","13":"shipping-taxable","14":"purchasable","15":"product-type-simple"},"yoast_head":"<!-- This site is optimized with the Yoast SEO plugin v24.0 - https:\/\/yoast.com\/wordpress\/plugins\/seo\/ -->\n<title>Atlas des Constellations - Tome 2 : Ciel Austral - Astrobook<\/title>\n<meta name=\"robots\" content=\"index, follow, max-snippet:-1, max-image-preview:large, max-video-preview:-1\" \/>\n<link rel=\"canonical\" href=\"https:\/\/astrobook.fr\/?product=atlas-des-constellations-tome-2-ciel-austral\" \/>\n<meta property=\"og:locale\" content=\"fr_FR\" \/>\n<meta property=\"og:type\" content=\"article\" \/>\n<meta property=\"og:title\" content=\"Atlas des Constellations - Tome 2 : Ciel Austral - Astrobook\" \/>\n<meta property=\"og:description\" content=\"Tome 2 : Ciel Austral\u00a0en format &quot;pocket&quot; (17 x 24 cm)\" \/>\n<meta property=\"og:url\" content=\"https:\/\/astrobook.fr\/?product=atlas-des-constellations-tome-2-ciel-austral\" \/>\n<meta property=\"og:site_name\" content=\"Astrobook\" \/>\n<meta property=\"article:modified_time\" content=\"2026-02-02T16:37:57+00:00\" \/>\n<meta property=\"og:image\" content=\"https:\/\/astrobook.fr\/wp-content\/uploads\/2020\/11\/Prod2.png\" \/>\n\t<meta property=\"og:image:width\" content=\"495\" \/>\n\t<meta property=\"og:image:height\" content=\"510\" \/>\n\t<meta property=\"og:image:type\" content=\"image\/png\" \/>\n<meta name=\"twitter:card\" content=\"summary_large_image\" \/>\n<meta name=\"twitter:label1\" content=\"Dur\u00e9e de lecture estim\u00e9e\" \/>\n\t<meta name=\"twitter:data1\" content=\"2 minutes\" \/>\n<script type=\"application\/ld+json\" class=\"yoast-schema-graph\">{\"@context\":\"https:\/\/schema.org\",\"@graph\":[{\"@type\":\"WebPage\",\"@id\":\"https:\/\/astrobook.fr\/?product=atlas-des-constellations-tome-2-ciel-austral\",\"url\":\"https:\/\/astrobook.fr\/?product=atlas-des-constellations-tome-2-ciel-austral\",\"name\":\"Atlas des Constellations - Tome 2 : Ciel Austral - Astrobook\",\"isPartOf\":{\"@id\":\"https:\/\/astrobook.fr\/#website\"},\"primaryImageOfPage\":{\"@id\":\"https:\/\/astrobook.fr\/?product=atlas-des-constellations-tome-2-ciel-austral#primaryimage\"},\"image\":{\"@id\":\"https:\/\/astrobook.fr\/?product=atlas-des-constellations-tome-2-ciel-austral#primaryimage\"},\"thumbnailUrl\":\"https:\/\/astrobook.fr\/wp-content\/uploads\/2020\/11\/Prod2.png\",\"datePublished\":\"2020-11-05T13:12:30+00:00\",\"dateModified\":\"2026-02-02T16:37:57+00:00\",\"breadcrumb\":{\"@id\":\"https:\/\/astrobook.fr\/?product=atlas-des-constellations-tome-2-ciel-austral#breadcrumb\"},\"inLanguage\":\"fr-FR\",\"potentialAction\":[{\"@type\":\"ReadAction\",\"target\":[\"https:\/\/astrobook.fr\/?product=atlas-des-constellations-tome-2-ciel-austral\"]}]},{\"@type\":\"ImageObject\",\"inLanguage\":\"fr-FR\",\"@id\":\"https:\/\/astrobook.fr\/?product=atlas-des-constellations-tome-2-ciel-austral#primaryimage\",\"url\":\"https:\/\/astrobook.fr\/wp-content\/uploads\/2020\/11\/Prod2.png\",\"contentUrl\":\"https:\/\/astrobook.fr\/wp-content\/uploads\/2020\/11\/Prod2.png\",\"width\":495,\"height\":510},{\"@type\":\"BreadcrumbList\",\"@id\":\"https:\/\/astrobook.fr\/?product=atlas-des-constellations-tome-2-ciel-austral#breadcrumb\",\"itemListElement\":[{\"@type\":\"ListItem\",\"position\":1,\"name\":\"Accueil\",\"item\":\"https:\/\/astrobook.fr\/\"},{\"@type\":\"ListItem\",\"position\":2,\"name\":\"La Boutique\",\"item\":\"https:\/\/astrobook.fr\/?page_id=25\"},{\"@type\":\"ListItem\",\"position\":3,\"name\":\"Atlas des Constellations &#8211; Tome 2 : Ciel Austral\"}]},{\"@type\":\"WebSite\",\"@id\":\"https:\/\/astrobook.fr\/#website\",\"url\":\"https:\/\/astrobook.fr\/\",\"name\":\"Astrobook\",\"description\":\"Ouvrages Cartographiques du Ciel\",\"publisher\":{\"@id\":\"https:\/\/astrobook.fr\/#organization\"},\"potentialAction\":[{\"@type\":\"SearchAction\",\"target\":{\"@type\":\"EntryPoint\",\"urlTemplate\":\"https:\/\/astrobook.fr\/?s={search_term_string}\"},\"query-input\":{\"@type\":\"PropertyValueSpecification\",\"valueRequired\":true,\"valueName\":\"search_term_string\"}}],\"inLanguage\":\"fr-FR\"},{\"@type\":\"Organization\",\"@id\":\"https:\/\/astrobook.fr\/#organization\",\"name\":\"Astrobook\",\"url\":\"https:\/\/astrobook.fr\/\",\"logo\":{\"@type\":\"ImageObject\",\"inLanguage\":\"fr-FR\",\"@id\":\"https:\/\/astrobook.fr\/#\/schema\/logo\/image\/\",\"url\":\"https:\/\/astrobook.fr\/wp-content\/uploads\/2020\/11\/logoAstrobook-gr.png\",\"contentUrl\":\"https:\/\/astrobook.fr\/wp-content\/uploads\/2020\/11\/logoAstrobook-gr.png\",\"width\":155,\"height\":100,\"caption\":\"Astrobook\"},\"image\":{\"@id\":\"https:\/\/astrobook.fr\/#\/schema\/logo\/image\/\"}}]}<\/script>\n<!-- \/ Yoast SEO plugin. -->","yoast_head_json":{"title":"Atlas des Constellations - Tome 2 : Ciel Austral - Astrobook","robots":{"index":"index","follow":"follow","max-snippet":"max-snippet:-1","max-image-preview":"max-image-preview:large","max-video-preview":"max-video-preview:-1"},"canonical":"https:\/\/astrobook.fr\/?product=atlas-des-constellations-tome-2-ciel-austral","og_locale":"fr_FR","og_type":"article","og_title":"Atlas des Constellations - Tome 2 : Ciel Austral - Astrobook","og_description":"Tome 2 : Ciel Austral\u00a0en format \"pocket\" (17 x 24 cm)","og_url":"https:\/\/astrobook.fr\/?product=atlas-des-constellations-tome-2-ciel-austral","og_site_name":"Astrobook","article_modified_time":"2026-02-02T16:37:57+00:00","og_image":[{"width":495,"height":510,"url":"https:\/\/astrobook.fr\/wp-content\/uploads\/2020\/11\/Prod2.png","type":"image\/png"}],"twitter_card":"summary_large_image","twitter_misc":{"Dur\u00e9e de lecture estim\u00e9e":"2 minutes"},"schema":{"@context":"https:\/\/schema.org","@graph":[{"@type":"WebPage","@id":"https:\/\/astrobook.fr\/?product=atlas-des-constellations-tome-2-ciel-austral","url":"https:\/\/astrobook.fr\/?product=atlas-des-constellations-tome-2-ciel-austral","name":"Atlas des Constellations - Tome 2 : Ciel Austral - Astrobook","isPartOf":{"@id":"https:\/\/astrobook.fr\/#website"},"primaryImageOfPage":{"@id":"https:\/\/astrobook.fr\/?product=atlas-des-constellations-tome-2-ciel-austral#primaryimage"},"image":{"@id":"https:\/\/astrobook.fr\/?product=atlas-des-constellations-tome-2-ciel-austral#primaryimage"},"thumbnailUrl":"https:\/\/astrobook.fr\/wp-content\/uploads\/2020\/11\/Prod2.png","datePublished":"2020-11-05T13:12:30+00:00","dateModified":"2026-02-02T16:37:57+00:00","breadcrumb":{"@id":"https:\/\/astrobook.fr\/?product=atlas-des-constellations-tome-2-ciel-austral#breadcrumb"},"inLanguage":"fr-FR","potentialAction":[{"@type":"ReadAction","target":["https:\/\/astrobook.fr\/?product=atlas-des-constellations-tome-2-ciel-austral"]}]},{"@type":"ImageObject","inLanguage":"fr-FR","@id":"https:\/\/astrobook.fr\/?product=atlas-des-constellations-tome-2-ciel-austral#primaryimage","url":"https:\/\/astrobook.fr\/wp-content\/uploads\/2020\/11\/Prod2.png","contentUrl":"https:\/\/astrobook.fr\/wp-content\/uploads\/2020\/11\/Prod2.png","width":495,"height":510},{"@type":"BreadcrumbList","@id":"https:\/\/astrobook.fr\/?product=atlas-des-constellations-tome-2-ciel-austral#breadcrumb","itemListElement":[{"@type":"ListItem","position":1,"name":"Accueil","item":"https:\/\/astrobook.fr\/"},{"@type":"ListItem","position":2,"name":"La Boutique","item":"https:\/\/astrobook.fr\/?page_id=25"},{"@type":"ListItem","position":3,"name":"Atlas des Constellations &#8211; Tome 2 : Ciel Austral"}]},{"@type":"WebSite","@id":"https:\/\/astrobook.fr\/#website","url":"https:\/\/astrobook.fr\/","name":"Astrobook","description":"Ouvrages Cartographiques du Ciel","publisher":{"@id":"https:\/\/astrobook.fr\/#organization"},"potentialAction":[{"@type":"SearchAction","target":{"@type":"EntryPoint","urlTemplate":"https:\/\/astrobook.fr\/?s={search_term_string}"},"query-input":{"@type":"PropertyValueSpecification","valueRequired":true,"valueName":"search_term_string"}}],"inLanguage":"fr-FR"},{"@type":"Organization","@id":"https:\/\/astrobook.fr\/#organization","name":"Astrobook","url":"https:\/\/astrobook.fr\/","logo":{"@type":"ImageObject","inLanguage":"fr-FR","@id":"https:\/\/astrobook.fr\/#\/schema\/logo\/image\/","url":"https:\/\/astrobook.fr\/wp-content\/uploads\/2020\/11\/logoAstrobook-gr.png","contentUrl":"https:\/\/astrobook.fr\/wp-content\/uploads\/2020\/11\/logoAstrobook-gr.png","width":155,"height":100,"caption":"Astrobook"},"image":{"@id":"https:\/\/astrobook.fr\/#\/schema\/logo\/image\/"}}]}},"jetpack_sharing_enabled":true,"_links":{"self":[{"href":"https:\/\/astrobook.fr\/index.php?rest_route=\/wp\/v2\/product\/159","targetHints":{"allow":["GET"]}}],"collection":[{"href":"https:\/\/astrobook.fr\/index.php?rest_route=\/wp\/v2\/product"}],"about":[{"href":"https:\/\/astrobook.fr\/index.php?rest_route=\/wp\/v2\/types\/product"}],"replies":[{"embeddable":true,"href":"https:\/\/astrobook.fr\/index.php?rest_route=%2Fwp%2Fv2%2Fcomments&post=159"}],"wp:featuredmedia":[{"embeddable":true,"href":"https:\/\/astrobook.fr\/index.php?rest_route=\/wp\/v2\/media\/156"}],"wp:attachment":[{"href":"https:\/\/astrobook.fr\/index.php?rest_route=%2Fwp%2Fv2%2Fmedia&parent=159"}],"wp:term":[{"taxonomy":"product_cat","embeddable":true,"href":"https:\/\/astrobook.fr\/index.php?rest_route=%2Fwp%2Fv2%2Fproduct_cat&post=159"},{"taxonomy":"product_tag","embeddable":true,"href":"https:\/\/astrobook.fr\/index.php?rest_route=%2Fwp%2Fv2%2Fproduct_tag&post=159"}],"curies":[{"name":"wp","href":"https:\/\/api.w.org\/{rel}","templated":true}]}}