{"id":162,"date":"2020-11-05T14:11:24","date_gmt":"2020-11-05T13:11:24","guid":{"rendered":"https:\/\/astrobook.fr\/?post_type=product&#038;p=162"},"modified":"2026-03-18T18:56:02","modified_gmt":"2026-03-18T17:56:02","slug":"atlas-des-constellations-tome-1-numerique","status":"publish","type":"product","link":"https:\/\/astrobook.fr\/?product=atlas-des-constellations-tome-1-numerique","title":{"rendered":"Atlas des Constellations &#8211; Tome 1 Num\u00e9rique"},"content":{"rendered":"<p>Pour les possesseurs de tablette ou de smartphone, l\u2019atlas des Constellations existe aussi en format num\u00e9rique sous forme de fichier PDF optimis\u00e9 avec des lien de navigation pour une utilisation la plus fluide possible. Seul le tome 1 (<em>Ciel Bor\u00e9al<\/em>) de la version papier a \u00e9t\u00e9 port\u00e9 sous ce format, mais il est fourni au t\u00e9l\u00e9chargement suivant deux d\u00e9clinaisons :<\/p>\n<ul>\n<li>Atlas Version Jour avec affichage \u00e9cran noir sur fond blanc.<\/li>\n<li>Atlas Version Nuit avec affichage\u00a0 \u00e9cran rouge sur fond noir.<\/li>\n<\/ul>\n<p>Son utilisation sur votre smartphone ou tablette n\u00e9cessitera l\u2019installation d\u2019un lecteur PDF (<em>sous IOS ou Andro\u00efd<\/em>) comme par exemple \u00ab\u00a0Acrobat Reader\u00a0\u00bb.<\/p>\n<p>Cet atlas num\u00e9rique \u00e0 \u00e9t\u00e9 con\u00e7u pour <span style=\"color: #ff6600;\"><strong>une utilisation optimale sur le terrain<\/strong><\/span> et pr\u00e9sente en cela des caract\u00e9ristiques plus appropri\u00e9es \u00e0 cet objectif :<\/p>\n<ul>\n<li>Comme d\u00e9crit plus haut, deux versions fournies (Jour &amp; Nuit).<\/li>\n<li>Liens de navigation depuis le titre de l\u2019ouvrage vers le sommaire et au del\u00e0 vers l\u2019ensemble des pages des Constellations et retour au sommaire.<\/li>\n<li>Toutes les pages sont \u00ab\u00a0zoommables\u00a0\u00bb \u00e0 volont\u00e9 pour une lecture optimum.<\/li>\n<li>Pr\u00e9servation de la vision nocturne avec la \u00ab\u00a0Version Nuit\u00a0\u00bb, \u00e9criture rouge sur fond noir.<\/li>\n<li>Caract\u00e8res gras et surlignage vert sur les cartes des objet list\u00e9 dans le tableau en page de droite pour un rep\u00e9rage plus rapide.<\/li>\n<li>Des cartes de champs couvrant 1\u00b0 (<em>sauf mention contraire<\/em>) pour aider \u00e0 l\u2019identification de l\u2019objet observ\u00e9.<\/li>\n<\/ul>\n<p>Tableau de proposition d\u2019objets les plus int\u00e9ressants (<em>page de droite<\/em>) avec leur caract\u00e9ristiques \u00e9l\u00e9mentaires (<em>coordonn\u00e9es, magnitudes, etc.<\/em>).<\/p>\n","protected":false},"excerpt":{"rendered":"<p>Tome 1 <strong>Num\u00e9rique<\/strong> en format PDF avec liens de navigation.<br \/>\n(N\u00e9cessite Acrobat Reader ou autre lecteur pdf pour son utilisation).<\/p>\n","protected":false},"featured_media":158,"comment_status":"open","ping_status":"closed","template":"","meta":[],"product_cat":[18],"product_tag":[24],"class_list":{"0":"post-162","1":"product","2":"type-product","3":"status-publish","4":"has-post-thumbnail","6":"product_cat-ouvrages-numeriques","7":"product_tag-adc1n","9":"first","10":"instock","11":"downloadable","12":"sold-individually","13":"shipping-taxable","14":"purchasable","15":"product-type-simple"},"yoast_head":"<!-- This site is optimized with the Yoast SEO plugin v24.0 - https:\/\/yoast.com\/wordpress\/plugins\/seo\/ -->\n<title>Atlas des Constellations - Tome 1 Num\u00e9rique - Astrobook<\/title>\n<meta name=\"robots\" content=\"index, follow, max-snippet:-1, max-image-preview:large, max-video-preview:-1\" \/>\n<link rel=\"canonical\" href=\"https:\/\/astrobook.fr\/?product=atlas-des-constellations-tome-1-numerique\" \/>\n<meta property=\"og:locale\" content=\"fr_FR\" \/>\n<meta property=\"og:type\" content=\"article\" \/>\n<meta property=\"og:title\" content=\"Atlas des Constellations - Tome 1 Num\u00e9rique - Astrobook\" \/>\n<meta property=\"og:description\" content=\"Tome 1 Num\u00e9rique en format PDF avec liens de navigation. (N\u00e9cessite Acrobat Reader ou autre lecteur pdf pour son utilisation).\" \/>\n<meta property=\"og:url\" content=\"https:\/\/astrobook.fr\/?product=atlas-des-constellations-tome-1-numerique\" \/>\n<meta property=\"og:site_name\" content=\"Astrobook\" \/>\n<meta property=\"article:modified_time\" content=\"2026-03-18T17:56:02+00:00\" \/>\n<meta property=\"og:image\" content=\"https:\/\/astrobook.fr\/wp-content\/uploads\/2020\/11\/Prod4.jpg\" \/>\n\t<meta property=\"og:image:width\" content=\"495\" \/>\n\t<meta property=\"og:image:height\" content=\"510\" \/>\n\t<meta property=\"og:image:type\" content=\"image\/jpeg\" \/>\n<meta name=\"twitter:card\" content=\"summary_large_image\" \/>\n<meta name=\"twitter:label1\" content=\"Dur\u00e9e de lecture estim\u00e9e\" \/>\n\t<meta name=\"twitter:data1\" content=\"2 minutes\" \/>\n<script type=\"application\/ld+json\" class=\"yoast-schema-graph\">{\"@context\":\"https:\/\/schema.org\",\"@graph\":[{\"@type\":\"WebPage\",\"@id\":\"https:\/\/astrobook.fr\/?product=atlas-des-constellations-tome-1-numerique\",\"url\":\"https:\/\/astrobook.fr\/?product=atlas-des-constellations-tome-1-numerique\",\"name\":\"Atlas des Constellations - Tome 1 Num\u00e9rique - Astrobook\",\"isPartOf\":{\"@id\":\"https:\/\/astrobook.fr\/#website\"},\"primaryImageOfPage\":{\"@id\":\"https:\/\/astrobook.fr\/?product=atlas-des-constellations-tome-1-numerique#primaryimage\"},\"image\":{\"@id\":\"https:\/\/astrobook.fr\/?product=atlas-des-constellations-tome-1-numerique#primaryimage\"},\"thumbnailUrl\":\"https:\/\/astrobook.fr\/wp-content\/uploads\/2020\/11\/Prod4.jpg\",\"datePublished\":\"2020-11-05T13:11:24+00:00\",\"dateModified\":\"2026-03-18T17:56:02+00:00\",\"breadcrumb\":{\"@id\":\"https:\/\/astrobook.fr\/?product=atlas-des-constellations-tome-1-numerique#breadcrumb\"},\"inLanguage\":\"fr-FR\",\"potentialAction\":[{\"@type\":\"ReadAction\",\"target\":[\"https:\/\/astrobook.fr\/?product=atlas-des-constellations-tome-1-numerique\"]}]},{\"@type\":\"ImageObject\",\"inLanguage\":\"fr-FR\",\"@id\":\"https:\/\/astrobook.fr\/?product=atlas-des-constellations-tome-1-numerique#primaryimage\",\"url\":\"https:\/\/astrobook.fr\/wp-content\/uploads\/2020\/11\/Prod4.jpg\",\"contentUrl\":\"https:\/\/astrobook.fr\/wp-content\/uploads\/2020\/11\/Prod4.jpg\",\"width\":495,\"height\":510},{\"@type\":\"BreadcrumbList\",\"@id\":\"https:\/\/astrobook.fr\/?product=atlas-des-constellations-tome-1-numerique#breadcrumb\",\"itemListElement\":[{\"@type\":\"ListItem\",\"position\":1,\"name\":\"Accueil\",\"item\":\"https:\/\/astrobook.fr\/\"},{\"@type\":\"ListItem\",\"position\":2,\"name\":\"La Boutique\",\"item\":\"https:\/\/astrobook.fr\/?page_id=25\"},{\"@type\":\"ListItem\",\"position\":3,\"name\":\"Atlas des Constellations &#8211; Tome 1 Num\u00e9rique\"}]},{\"@type\":\"WebSite\",\"@id\":\"https:\/\/astrobook.fr\/#website\",\"url\":\"https:\/\/astrobook.fr\/\",\"name\":\"Astrobook\",\"description\":\"Ouvrages Cartographiques du Ciel\",\"publisher\":{\"@id\":\"https:\/\/astrobook.fr\/#organization\"},\"potentialAction\":[{\"@type\":\"SearchAction\",\"target\":{\"@type\":\"EntryPoint\",\"urlTemplate\":\"https:\/\/astrobook.fr\/?s={search_term_string}\"},\"query-input\":{\"@type\":\"PropertyValueSpecification\",\"valueRequired\":true,\"valueName\":\"search_term_string\"}}],\"inLanguage\":\"fr-FR\"},{\"@type\":\"Organization\",\"@id\":\"https:\/\/astrobook.fr\/#organization\",\"name\":\"Astrobook\",\"url\":\"https:\/\/astrobook.fr\/\",\"logo\":{\"@type\":\"ImageObject\",\"inLanguage\":\"fr-FR\",\"@id\":\"https:\/\/astrobook.fr\/#\/schema\/logo\/image\/\",\"url\":\"https:\/\/astrobook.fr\/wp-content\/uploads\/2020\/11\/logoAstrobook-gr.png\",\"contentUrl\":\"https:\/\/astrobook.fr\/wp-content\/uploads\/2020\/11\/logoAstrobook-gr.png\",\"width\":155,\"height\":100,\"caption\":\"Astrobook\"},\"image\":{\"@id\":\"https:\/\/astrobook.fr\/#\/schema\/logo\/image\/\"}}]}<\/script>\n<!-- \/ Yoast SEO plugin. -->","yoast_head_json":{"title":"Atlas des Constellations - Tome 1 Num\u00e9rique - Astrobook","robots":{"index":"index","follow":"follow","max-snippet":"max-snippet:-1","max-image-preview":"max-image-preview:large","max-video-preview":"max-video-preview:-1"},"canonical":"https:\/\/astrobook.fr\/?product=atlas-des-constellations-tome-1-numerique","og_locale":"fr_FR","og_type":"article","og_title":"Atlas des Constellations - Tome 1 Num\u00e9rique - Astrobook","og_description":"Tome 1 Num\u00e9rique en format PDF avec liens de navigation. (N\u00e9cessite Acrobat Reader ou autre lecteur pdf pour son utilisation).","og_url":"https:\/\/astrobook.fr\/?product=atlas-des-constellations-tome-1-numerique","og_site_name":"Astrobook","article_modified_time":"2026-03-18T17:56:02+00:00","og_image":[{"width":495,"height":510,"url":"https:\/\/astrobook.fr\/wp-content\/uploads\/2020\/11\/Prod4.jpg","type":"image\/jpeg"}],"twitter_card":"summary_large_image","twitter_misc":{"Dur\u00e9e de lecture estim\u00e9e":"2 minutes"},"schema":{"@context":"https:\/\/schema.org","@graph":[{"@type":"WebPage","@id":"https:\/\/astrobook.fr\/?product=atlas-des-constellations-tome-1-numerique","url":"https:\/\/astrobook.fr\/?product=atlas-des-constellations-tome-1-numerique","name":"Atlas des Constellations - Tome 1 Num\u00e9rique - Astrobook","isPartOf":{"@id":"https:\/\/astrobook.fr\/#website"},"primaryImageOfPage":{"@id":"https:\/\/astrobook.fr\/?product=atlas-des-constellations-tome-1-numerique#primaryimage"},"image":{"@id":"https:\/\/astrobook.fr\/?product=atlas-des-constellations-tome-1-numerique#primaryimage"},"thumbnailUrl":"https:\/\/astrobook.fr\/wp-content\/uploads\/2020\/11\/Prod4.jpg","datePublished":"2020-11-05T13:11:24+00:00","dateModified":"2026-03-18T17:56:02+00:00","breadcrumb":{"@id":"https:\/\/astrobook.fr\/?product=atlas-des-constellations-tome-1-numerique#breadcrumb"},"inLanguage":"fr-FR","potentialAction":[{"@type":"ReadAction","target":["https:\/\/astrobook.fr\/?product=atlas-des-constellations-tome-1-numerique"]}]},{"@type":"ImageObject","inLanguage":"fr-FR","@id":"https:\/\/astrobook.fr\/?product=atlas-des-constellations-tome-1-numerique#primaryimage","url":"https:\/\/astrobook.fr\/wp-content\/uploads\/2020\/11\/Prod4.jpg","contentUrl":"https:\/\/astrobook.fr\/wp-content\/uploads\/2020\/11\/Prod4.jpg","width":495,"height":510},{"@type":"BreadcrumbList","@id":"https:\/\/astrobook.fr\/?product=atlas-des-constellations-tome-1-numerique#breadcrumb","itemListElement":[{"@type":"ListItem","position":1,"name":"Accueil","item":"https:\/\/astrobook.fr\/"},{"@type":"ListItem","position":2,"name":"La Boutique","item":"https:\/\/astrobook.fr\/?page_id=25"},{"@type":"ListItem","position":3,"name":"Atlas des Constellations &#8211; Tome 1 Num\u00e9rique"}]},{"@type":"WebSite","@id":"https:\/\/astrobook.fr\/#website","url":"https:\/\/astrobook.fr\/","name":"Astrobook","description":"Ouvrages Cartographiques du Ciel","publisher":{"@id":"https:\/\/astrobook.fr\/#organization"},"potentialAction":[{"@type":"SearchAction","target":{"@type":"EntryPoint","urlTemplate":"https:\/\/astrobook.fr\/?s={search_term_string}"},"query-input":{"@type":"PropertyValueSpecification","valueRequired":true,"valueName":"search_term_string"}}],"inLanguage":"fr-FR"},{"@type":"Organization","@id":"https:\/\/astrobook.fr\/#organization","name":"Astrobook","url":"https:\/\/astrobook.fr\/","logo":{"@type":"ImageObject","inLanguage":"fr-FR","@id":"https:\/\/astrobook.fr\/#\/schema\/logo\/image\/","url":"https:\/\/astrobook.fr\/wp-content\/uploads\/2020\/11\/logoAstrobook-gr.png","contentUrl":"https:\/\/astrobook.fr\/wp-content\/uploads\/2020\/11\/logoAstrobook-gr.png","width":155,"height":100,"caption":"Astrobook"},"image":{"@id":"https:\/\/astrobook.fr\/#\/schema\/logo\/image\/"}}]}},"jetpack_sharing_enabled":true,"_links":{"self":[{"href":"https:\/\/astrobook.fr\/index.php?rest_route=\/wp\/v2\/product\/162","targetHints":{"allow":["GET"]}}],"collection":[{"href":"https:\/\/astrobook.fr\/index.php?rest_route=\/wp\/v2\/product"}],"about":[{"href":"https:\/\/astrobook.fr\/index.php?rest_route=\/wp\/v2\/types\/product"}],"replies":[{"embeddable":true,"href":"https:\/\/astrobook.fr\/index.php?rest_route=%2Fwp%2Fv2%2Fcomments&post=162"}],"wp:featuredmedia":[{"embeddable":true,"href":"https:\/\/astrobook.fr\/index.php?rest_route=\/wp\/v2\/media\/158"}],"wp:attachment":[{"href":"https:\/\/astrobook.fr\/index.php?rest_route=%2Fwp%2Fv2%2Fmedia&parent=162"}],"wp:term":[{"taxonomy":"product_cat","embeddable":true,"href":"https:\/\/astrobook.fr\/index.php?rest_route=%2Fwp%2Fv2%2Fproduct_cat&post=162"},{"taxonomy":"product_tag","embeddable":true,"href":"https:\/\/astrobook.fr\/index.php?rest_route=%2Fwp%2Fv2%2Fproduct_tag&post=162"}],"curies":[{"name":"wp","href":"https:\/\/api.w.org\/{rel}","templated":true}]}}