{"id":163,"date":"2020-11-05T14:11:00","date_gmt":"2020-11-05T13:11:00","guid":{"rendered":"https:\/\/astrobook.fr\/?post_type=product&#038;p=163"},"modified":"2025-04-05T07:23:15","modified_gmt":"2025-04-05T05:23:15","slug":"atals-des-constellations-tome-1-package","status":"publish","type":"product","link":"https:\/\/astrobook.fr\/?product=atals-des-constellations-tome-1-package","title":{"rendered":"Atlas des Constellations<br>Tome 1 Package<br>Papier + Num\u00e9rique"},"content":{"rendered":"<p>La version \u00ab\u00a0Package\u00a0\u00bb de l\u2019Atlas des Constellations est constitu\u00e9 du tome 1 (<em>Ciel Bor\u00e9al<\/em>) en format imprim\u00e9 et num\u00e9rique regroup\u00e9s dans un m\u00eame lot promotionnel. Le tome 1 correspond au ciel de l\u2019h\u00e9misph\u00e8re nord (<em>Ciel Bor\u00e9al<\/em>) int\u00e9grant \u00e9galement les constellations zodiacales, le tome 2 \u00e9tant lui d\u00e9di\u00e9 \u00e0 l\u2019h\u00e9misph\u00e8re sud. On retrouvera donc dans ce package les caract\u00e9ristiques propres \u00e0 chaque version :<\/p>\n<p><span style=\"color: #3366ff;\"><strong>Pour la version papier :<\/strong><\/span><\/p>\n<ul>\n<li>Impression en noir et blanc pour un meilleur contraste et lisibilit\u00e9 la nuit avec une lampe rouge.<\/li>\n<li>Format \u00ab\u00a0pocket\u00a0\u00bb toujours lisible et moins encombrant \u00e0 transporter.<\/li>\n<li>Reliure spirale plus facile \u00e0 manipuler et papier semi rigide de type \u00ab\u00a0fiche Bristol\u00a0\u00bb.<\/li>\n<li>Mise en page optimis\u00e9e, une double page pour chaque constellations (<em> pas de pages \u00e0 tourner pour avoir toutes les infos<\/em>).<\/li>\n<li>Caract\u00e8res gras et surlignage gris sur les cartes des objet list\u00e9 dans le tableau en page de droite pour un rep\u00e9rage plus rapide.<\/li>\n<li>Des cartes de champs couvrant 1\u00b0 (<em>sauf mention contraire<\/em>) pour aider \u00e0 l\u2019identification de l\u2019objet observ\u00e9.<\/li>\n<li>Tableau de proposition d\u2019objets les plus int\u00e9ressants (page de droite) avec leur caract\u00e9ristiques \u00e9l\u00e9mentaires (<em>coordonn\u00e9es, magnitudes, etc.<\/em>).<\/li>\n<\/ul>\n<p>&nbsp;<\/p>\n<p><span style=\"color: #3366ff;\"><strong>Pour la version num\u00e9rique :<\/strong><\/span><\/p>\n<ul>\n<li>Atlas Version Jour avec affichage \u00e9cran noir sur fond blanc.<\/li>\n<li>Atlas Version Nuit avec affichage\u00a0 \u00e9cran rouge sur fond noir.<\/li>\n<li>Liens de navigation depuis le titre de l\u2019ouvrage vers le sommaire et au del\u00e0 vers l\u2019ensemble des pages des Constellations et retour au sommaire.<\/li>\n<li>Toutes les pages sont \u00ab\u00a0zoommables\u00a0\u00bb \u00e0 volont\u00e9 pour une lecture optimum.<\/li>\n<li>Pr\u00e9servation de la vision nocturne avec la \u00ab\u00a0Version Nuit\u00a0\u00bb, \u00e9criture rouge sur fond noir.<\/li>\n<li>Caract\u00e8res gras et surlignage vert sur les cartes des objet list\u00e9 dans le tableau en page de droite pour un rep\u00e9rage plus rapide.<\/li>\n<\/ul>\n<p>&nbsp;<\/p>\n<p>Son utilisation sur votre smartphone ou tablette n\u00e9cessitera l\u2019installation d\u2019un lecteur PDF (<em>sous IOS ou Andro\u00efd<\/em>) comme par exemple \u00ab\u00a0Acrobat Reader\u00a0\u00bb.<\/p>\n","protected":false},"excerpt":{"rendered":"<p>Tome 1 <strong>Package<\/strong> : Version papier + Version num\u00e9rique en format PDF (N\u00e9cessite Acrobat Reader ou autre lecteur pdf pour son utilisation).<\/p>\n","protected":false},"featured_media":219,"comment_status":"open","ping_status":"closed","template":"","meta":[],"product_cat":[19],"product_tag":[25],"class_list":{"0":"post-163","1":"product","2":"type-product","3":"status-publish","4":"has-post-thumbnail","6":"product_cat-packages","7":"product_tag-adc1pk","8":"product_shipping_class-expt1","10":"first","11":"instock","12":"sale","13":"downloadable","14":"sold-individually","15":"shipping-taxable","16":"purchasable","17":"product-type-simple"},"yoast_head":"<!-- This site is optimized with the Yoast SEO plugin v24.0 - https:\/\/yoast.com\/wordpress\/plugins\/seo\/ -->\n<title>Atlas des ConstellationsTome 1 PackagePapier + Num\u00e9rique - Astrobook<\/title>\n<meta name=\"robots\" content=\"index, follow, max-snippet:-1, max-image-preview:large, max-video-preview:-1\" \/>\n<link rel=\"canonical\" href=\"https:\/\/astrobook.fr\/?product=atals-des-constellations-tome-1-package\" \/>\n<meta property=\"og:locale\" content=\"fr_FR\" \/>\n<meta property=\"og:type\" content=\"article\" \/>\n<meta property=\"og:title\" content=\"Atlas des ConstellationsTome 1 PackagePapier + Num\u00e9rique - Astrobook\" \/>\n<meta property=\"og:description\" content=\"Tome 1 Package : Version papier + Version num\u00e9rique en format PDF (N\u00e9cessite Acrobat Reader ou autre lecteur pdf pour son utilisation).\" \/>\n<meta property=\"og:url\" content=\"https:\/\/astrobook.fr\/?product=atals-des-constellations-tome-1-package\" \/>\n<meta property=\"og:site_name\" content=\"Astrobook\" \/>\n<meta property=\"article:modified_time\" content=\"2025-04-05T05:23:15+00:00\" \/>\n<meta property=\"og:image\" content=\"https:\/\/astrobook.fr\/wp-content\/uploads\/2020\/11\/Prod5.png\" \/>\n\t<meta property=\"og:image:width\" content=\"495\" \/>\n\t<meta property=\"og:image:height\" content=\"510\" \/>\n\t<meta property=\"og:image:type\" content=\"image\/png\" \/>\n<meta name=\"twitter:card\" content=\"summary_large_image\" \/>\n<meta name=\"twitter:label1\" content=\"Dur\u00e9e de lecture estim\u00e9e\" \/>\n\t<meta name=\"twitter:data1\" content=\"2 minutes\" \/>\n<script type=\"application\/ld+json\" class=\"yoast-schema-graph\">{\"@context\":\"https:\/\/schema.org\",\"@graph\":[{\"@type\":\"WebPage\",\"@id\":\"https:\/\/astrobook.fr\/?product=atals-des-constellations-tome-1-package\",\"url\":\"https:\/\/astrobook.fr\/?product=atals-des-constellations-tome-1-package\",\"name\":\"Atlas des Constellations Tome 1 Package Papier + Num\u00e9rique - Astrobook\",\"isPartOf\":{\"@id\":\"https:\/\/astrobook.fr\/#website\"},\"primaryImageOfPage\":{\"@id\":\"https:\/\/astrobook.fr\/?product=atals-des-constellations-tome-1-package#primaryimage\"},\"image\":{\"@id\":\"https:\/\/astrobook.fr\/?product=atals-des-constellations-tome-1-package#primaryimage\"},\"thumbnailUrl\":\"https:\/\/astrobook.fr\/wp-content\/uploads\/2020\/11\/Prod5.png\",\"datePublished\":\"2020-11-05T13:11:00+00:00\",\"dateModified\":\"2025-04-05T05:23:15+00:00\",\"breadcrumb\":{\"@id\":\"https:\/\/astrobook.fr\/?product=atals-des-constellations-tome-1-package#breadcrumb\"},\"inLanguage\":\"fr-FR\",\"potentialAction\":[{\"@type\":\"ReadAction\",\"target\":[\"https:\/\/astrobook.fr\/?product=atals-des-constellations-tome-1-package\"]}]},{\"@type\":\"ImageObject\",\"inLanguage\":\"fr-FR\",\"@id\":\"https:\/\/astrobook.fr\/?product=atals-des-constellations-tome-1-package#primaryimage\",\"url\":\"https:\/\/astrobook.fr\/wp-content\/uploads\/2020\/11\/Prod5.png\",\"contentUrl\":\"https:\/\/astrobook.fr\/wp-content\/uploads\/2020\/11\/Prod5.png\",\"width\":495,\"height\":510},{\"@type\":\"BreadcrumbList\",\"@id\":\"https:\/\/astrobook.fr\/?product=atals-des-constellations-tome-1-package#breadcrumb\",\"itemListElement\":[{\"@type\":\"ListItem\",\"position\":1,\"name\":\"Accueil\",\"item\":\"https:\/\/astrobook.fr\/\"},{\"@type\":\"ListItem\",\"position\":2,\"name\":\"La Boutique\",\"item\":\"https:\/\/astrobook.fr\/?page_id=25\"},{\"@type\":\"ListItem\",\"position\":3,\"name\":\"Atlas des ConstellationsTome 1 PackagePapier + Num\u00e9rique\"}]},{\"@type\":\"WebSite\",\"@id\":\"https:\/\/astrobook.fr\/#website\",\"url\":\"https:\/\/astrobook.fr\/\",\"name\":\"Astrobook\",\"description\":\"Ouvrages Cartographiques du Ciel\",\"publisher\":{\"@id\":\"https:\/\/astrobook.fr\/#organization\"},\"potentialAction\":[{\"@type\":\"SearchAction\",\"target\":{\"@type\":\"EntryPoint\",\"urlTemplate\":\"https:\/\/astrobook.fr\/?s={search_term_string}\"},\"query-input\":{\"@type\":\"PropertyValueSpecification\",\"valueRequired\":true,\"valueName\":\"search_term_string\"}}],\"inLanguage\":\"fr-FR\"},{\"@type\":\"Organization\",\"@id\":\"https:\/\/astrobook.fr\/#organization\",\"name\":\"Astrobook\",\"url\":\"https:\/\/astrobook.fr\/\",\"logo\":{\"@type\":\"ImageObject\",\"inLanguage\":\"fr-FR\",\"@id\":\"https:\/\/astrobook.fr\/#\/schema\/logo\/image\/\",\"url\":\"https:\/\/astrobook.fr\/wp-content\/uploads\/2020\/11\/logoAstrobook-gr.png\",\"contentUrl\":\"https:\/\/astrobook.fr\/wp-content\/uploads\/2020\/11\/logoAstrobook-gr.png\",\"width\":155,\"height\":100,\"caption\":\"Astrobook\"},\"image\":{\"@id\":\"https:\/\/astrobook.fr\/#\/schema\/logo\/image\/\"}}]}<\/script>\n<!-- \/ Yoast SEO plugin. -->","yoast_head_json":{"title":"Atlas des ConstellationsTome 1 PackagePapier + Num\u00e9rique - Astrobook","robots":{"index":"index","follow":"follow","max-snippet":"max-snippet:-1","max-image-preview":"max-image-preview:large","max-video-preview":"max-video-preview:-1"},"canonical":"https:\/\/astrobook.fr\/?product=atals-des-constellations-tome-1-package","og_locale":"fr_FR","og_type":"article","og_title":"Atlas des ConstellationsTome 1 PackagePapier + Num\u00e9rique - Astrobook","og_description":"Tome 1 Package : Version papier + Version num\u00e9rique en format PDF (N\u00e9cessite Acrobat Reader ou autre lecteur pdf pour son utilisation).","og_url":"https:\/\/astrobook.fr\/?product=atals-des-constellations-tome-1-package","og_site_name":"Astrobook","article_modified_time":"2025-04-05T05:23:15+00:00","og_image":[{"width":495,"height":510,"url":"https:\/\/astrobook.fr\/wp-content\/uploads\/2020\/11\/Prod5.png","type":"image\/png"}],"twitter_card":"summary_large_image","twitter_misc":{"Dur\u00e9e de lecture estim\u00e9e":"2 minutes"},"schema":{"@context":"https:\/\/schema.org","@graph":[{"@type":"WebPage","@id":"https:\/\/astrobook.fr\/?product=atals-des-constellations-tome-1-package","url":"https:\/\/astrobook.fr\/?product=atals-des-constellations-tome-1-package","name":"Atlas des Constellations Tome 1 Package Papier + Num\u00e9rique - Astrobook","isPartOf":{"@id":"https:\/\/astrobook.fr\/#website"},"primaryImageOfPage":{"@id":"https:\/\/astrobook.fr\/?product=atals-des-constellations-tome-1-package#primaryimage"},"image":{"@id":"https:\/\/astrobook.fr\/?product=atals-des-constellations-tome-1-package#primaryimage"},"thumbnailUrl":"https:\/\/astrobook.fr\/wp-content\/uploads\/2020\/11\/Prod5.png","datePublished":"2020-11-05T13:11:00+00:00","dateModified":"2025-04-05T05:23:15+00:00","breadcrumb":{"@id":"https:\/\/astrobook.fr\/?product=atals-des-constellations-tome-1-package#breadcrumb"},"inLanguage":"fr-FR","potentialAction":[{"@type":"ReadAction","target":["https:\/\/astrobook.fr\/?product=atals-des-constellations-tome-1-package"]}]},{"@type":"ImageObject","inLanguage":"fr-FR","@id":"https:\/\/astrobook.fr\/?product=atals-des-constellations-tome-1-package#primaryimage","url":"https:\/\/astrobook.fr\/wp-content\/uploads\/2020\/11\/Prod5.png","contentUrl":"https:\/\/astrobook.fr\/wp-content\/uploads\/2020\/11\/Prod5.png","width":495,"height":510},{"@type":"BreadcrumbList","@id":"https:\/\/astrobook.fr\/?product=atals-des-constellations-tome-1-package#breadcrumb","itemListElement":[{"@type":"ListItem","position":1,"name":"Accueil","item":"https:\/\/astrobook.fr\/"},{"@type":"ListItem","position":2,"name":"La Boutique","item":"https:\/\/astrobook.fr\/?page_id=25"},{"@type":"ListItem","position":3,"name":"Atlas des ConstellationsTome 1 PackagePapier + Num\u00e9rique"}]},{"@type":"WebSite","@id":"https:\/\/astrobook.fr\/#website","url":"https:\/\/astrobook.fr\/","name":"Astrobook","description":"Ouvrages Cartographiques du Ciel","publisher":{"@id":"https:\/\/astrobook.fr\/#organization"},"potentialAction":[{"@type":"SearchAction","target":{"@type":"EntryPoint","urlTemplate":"https:\/\/astrobook.fr\/?s={search_term_string}"},"query-input":{"@type":"PropertyValueSpecification","valueRequired":true,"valueName":"search_term_string"}}],"inLanguage":"fr-FR"},{"@type":"Organization","@id":"https:\/\/astrobook.fr\/#organization","name":"Astrobook","url":"https:\/\/astrobook.fr\/","logo":{"@type":"ImageObject","inLanguage":"fr-FR","@id":"https:\/\/astrobook.fr\/#\/schema\/logo\/image\/","url":"https:\/\/astrobook.fr\/wp-content\/uploads\/2020\/11\/logoAstrobook-gr.png","contentUrl":"https:\/\/astrobook.fr\/wp-content\/uploads\/2020\/11\/logoAstrobook-gr.png","width":155,"height":100,"caption":"Astrobook"},"image":{"@id":"https:\/\/astrobook.fr\/#\/schema\/logo\/image\/"}}]}},"jetpack_sharing_enabled":true,"_links":{"self":[{"href":"https:\/\/astrobook.fr\/index.php?rest_route=\/wp\/v2\/product\/163","targetHints":{"allow":["GET"]}}],"collection":[{"href":"https:\/\/astrobook.fr\/index.php?rest_route=\/wp\/v2\/product"}],"about":[{"href":"https:\/\/astrobook.fr\/index.php?rest_route=\/wp\/v2\/types\/product"}],"replies":[{"embeddable":true,"href":"https:\/\/astrobook.fr\/index.php?rest_route=%2Fwp%2Fv2%2Fcomments&post=163"}],"wp:featuredmedia":[{"embeddable":true,"href":"https:\/\/astrobook.fr\/index.php?rest_route=\/wp\/v2\/media\/219"}],"wp:attachment":[{"href":"https:\/\/astrobook.fr\/index.php?rest_route=%2Fwp%2Fv2%2Fmedia&parent=163"}],"wp:term":[{"taxonomy":"product_cat","embeddable":true,"href":"https:\/\/astrobook.fr\/index.php?rest_route=%2Fwp%2Fv2%2Fproduct_cat&post=163"},{"taxonomy":"product_tag","embeddable":true,"href":"https:\/\/astrobook.fr\/index.php?rest_route=%2Fwp%2Fv2%2Fproduct_tag&post=163"}],"curies":[{"name":"wp","href":"https:\/\/api.w.org\/{rel}","templated":true}]}}