{"id":495,"date":"2025-04-01T00:00:26","date_gmt":"2025-03-31T22:00:26","guid":{"rendered":"https:\/\/astrobook.fr\/?post_type=product&#038;p=495"},"modified":"2026-04-09T16:08:05","modified_gmt":"2026-04-09T14:08:05","slug":"collection-les-astrocats-volume1-ciel-de-printemps","status":"publish","type":"product","link":"https:\/\/astrobook.fr\/?product=collection-les-astrocats-volume1-ciel-de-printemps","title":{"rendered":"\u00ab\u00a0Les AstroCAT&rsquo;s\u00a0\u00bb &#8211; Volume 1 : Ciel de Printemps"},"content":{"rendered":"<p>Apr\u00e8s la r\u00e9alisation des \u00ab <strong>Atlas des Constellations<\/strong> \u00bb, Voici de nouveaux recueils pour l\u2019observation des objets du ciel profond, mais suivant une nouvelle approche si possible compl\u00e9mentaire.<\/p>\n<p>l\u2019id\u00e9e principale est ici de faire non pas un guide de r\u00e9f\u00e9rence, mais plut\u00f4t des <strong>m\u00e9mos pratiques<\/strong> sous la forme d\u2019une <strong>collection compl\u00e8te<\/strong> pour une utilisation en fonction des saisons et en d\u00e9taillant de fa\u00e7on plus approfondie les informations utiles de chaque objets.<\/p>\n<p>Comme pour l\u2019atlas des constellations, ces m\u00e9mos sont organis\u00e9s sur le principe de la double page ici par objet, en plus des informations d\u00e9j\u00e0 pr\u00e9sentes sur mes atlas, on trouvera une photographie de l\u2019objet en question si possible proche de l\u2019aspect visuel \u00e0 l\u2019oculaire, un texte descriptif avec quelques recommandations pour l\u2019observation, et une cat\u00e9gorisation iconographique pour un lecture rapide de la typologie de l\u2019objet.<\/p>\n<p>Enfin le format de ces fascicules a \u00e9t\u00e9 con\u00e7ue pour <strong>faciliter son utilisation sur le terrain<\/strong> avec une reliure spirale permettant de le maintenir ouvert sur un objet pr\u00e9cis et de le glisser dans une poche le temps de l&rsquo;observation.<\/p>\n","protected":false},"excerpt":{"rendered":"<p>Apr\u00e8s la r\u00e9alisation des \u00ab Atlas des Constellations \u00bb, Voici de nouveaux recueils pour l\u2019observation des objets du ciel profond, mais suivant une nouvelle approche si possible compl\u00e9mentaire. l\u2019id\u00e9e principale est ici de faire non pas un guide de r\u00e9f\u00e9rence, mais plut\u00f4t des m\u00e9mos pratiques sous la forme d\u2019une collection compl\u00e8te pour une utilisation en [&hellip;]<\/p>\n","protected":false},"featured_media":513,"comment_status":"open","ping_status":"closed","template":"","meta":[],"product_cat":[17],"product_tag":[31],"class_list":{"0":"post-495","1":"product","2":"type-product","3":"status-publish","4":"has-post-thumbnail","6":"product_cat-ouvrages-imprimes","7":"product_tag-ascat1","8":"product_shipping_class-expcat1v","10":"first","11":"onbackorder","12":"shipping-taxable","13":"purchasable","14":"product-type-simple"},"yoast_head":"<!-- This site is optimized with the Yoast SEO plugin v24.0 - https:\/\/yoast.com\/wordpress\/plugins\/seo\/ -->\n<title>&quot;Les AstroCAT&#039;s&quot; - Volume 1 : Ciel de Printemps - Astrobook<\/title>\n<meta name=\"robots\" content=\"index, follow, max-snippet:-1, max-image-preview:large, max-video-preview:-1\" \/>\n<link rel=\"canonical\" href=\"https:\/\/astrobook.fr\/?product=collection-les-astrocats-volume1-ciel-de-printemps\" \/>\n<meta property=\"og:locale\" content=\"fr_FR\" \/>\n<meta property=\"og:type\" content=\"article\" \/>\n<meta property=\"og:title\" content=\"&quot;Les AstroCAT&#039;s&quot; - Volume 1 : Ciel de Printemps - Astrobook\" \/>\n<meta property=\"og:description\" content=\"Apr\u00e8s la r\u00e9alisation des \u00ab Atlas des Constellations \u00bb, Voici de nouveaux recueils pour l\u2019observation des objets du ciel profond, mais suivant une nouvelle approche si possible compl\u00e9mentaire. l\u2019id\u00e9e principale est ici de faire non pas un guide de r\u00e9f\u00e9rence, mais plut\u00f4t des m\u00e9mos pratiques sous la forme d\u2019une collection compl\u00e8te pour une utilisation en [&hellip;]\" \/>\n<meta property=\"og:url\" content=\"https:\/\/astrobook.fr\/?product=collection-les-astrocats-volume1-ciel-de-printemps\" \/>\n<meta property=\"og:site_name\" content=\"Astrobook\" \/>\n<meta property=\"article:modified_time\" content=\"2026-04-09T14:08:05+00:00\" \/>\n<meta property=\"og:image\" content=\"https:\/\/astrobook.fr\/wp-content\/uploads\/2024\/12\/AsCAT-Printemps.png\" \/>\n\t<meta property=\"og:image:width\" content=\"520\" \/>\n\t<meta property=\"og:image:height\" content=\"520\" \/>\n\t<meta property=\"og:image:type\" content=\"image\/png\" \/>\n<meta name=\"twitter:card\" content=\"summary_large_image\" \/>\n<meta name=\"twitter:label1\" content=\"Dur\u00e9e de lecture estim\u00e9e\" \/>\n\t<meta name=\"twitter:data1\" content=\"2 minutes\" \/>\n<script type=\"application\/ld+json\" class=\"yoast-schema-graph\">{\"@context\":\"https:\/\/schema.org\",\"@graph\":[{\"@type\":\"WebPage\",\"@id\":\"https:\/\/astrobook.fr\/?product=collection-les-astrocats-volume1-ciel-de-printemps\",\"url\":\"https:\/\/astrobook.fr\/?product=collection-les-astrocats-volume1-ciel-de-printemps\",\"name\":\"\\\"Les AstroCAT's\\\" - Volume 1 : Ciel de Printemps - Astrobook\",\"isPartOf\":{\"@id\":\"https:\/\/astrobook.fr\/#website\"},\"primaryImageOfPage\":{\"@id\":\"https:\/\/astrobook.fr\/?product=collection-les-astrocats-volume1-ciel-de-printemps#primaryimage\"},\"image\":{\"@id\":\"https:\/\/astrobook.fr\/?product=collection-les-astrocats-volume1-ciel-de-printemps#primaryimage\"},\"thumbnailUrl\":\"https:\/\/astrobook.fr\/wp-content\/uploads\/2024\/12\/AsCAT-Printemps.png\",\"datePublished\":\"2025-03-31T22:00:26+00:00\",\"dateModified\":\"2026-04-09T14:08:05+00:00\",\"breadcrumb\":{\"@id\":\"https:\/\/astrobook.fr\/?product=collection-les-astrocats-volume1-ciel-de-printemps#breadcrumb\"},\"inLanguage\":\"fr-FR\",\"potentialAction\":[{\"@type\":\"ReadAction\",\"target\":[\"https:\/\/astrobook.fr\/?product=collection-les-astrocats-volume1-ciel-de-printemps\"]}]},{\"@type\":\"ImageObject\",\"inLanguage\":\"fr-FR\",\"@id\":\"https:\/\/astrobook.fr\/?product=collection-les-astrocats-volume1-ciel-de-printemps#primaryimage\",\"url\":\"https:\/\/astrobook.fr\/wp-content\/uploads\/2024\/12\/AsCAT-Printemps.png\",\"contentUrl\":\"https:\/\/astrobook.fr\/wp-content\/uploads\/2024\/12\/AsCAT-Printemps.png\",\"width\":520,\"height\":520},{\"@type\":\"BreadcrumbList\",\"@id\":\"https:\/\/astrobook.fr\/?product=collection-les-astrocats-volume1-ciel-de-printemps#breadcrumb\",\"itemListElement\":[{\"@type\":\"ListItem\",\"position\":1,\"name\":\"Accueil\",\"item\":\"https:\/\/astrobook.fr\/\"},{\"@type\":\"ListItem\",\"position\":2,\"name\":\"La Boutique\",\"item\":\"https:\/\/astrobook.fr\/?page_id=25\"},{\"@type\":\"ListItem\",\"position\":3,\"name\":\"\u00ab\u00a0Les AstroCAT&rsquo;s\u00a0\u00bb &#8211; Volume 1 : Ciel de Printemps\"}]},{\"@type\":\"WebSite\",\"@id\":\"https:\/\/astrobook.fr\/#website\",\"url\":\"https:\/\/astrobook.fr\/\",\"name\":\"Astrobook\",\"description\":\"Ouvrages Cartographiques du Ciel\",\"publisher\":{\"@id\":\"https:\/\/astrobook.fr\/#organization\"},\"potentialAction\":[{\"@type\":\"SearchAction\",\"target\":{\"@type\":\"EntryPoint\",\"urlTemplate\":\"https:\/\/astrobook.fr\/?s={search_term_string}\"},\"query-input\":{\"@type\":\"PropertyValueSpecification\",\"valueRequired\":true,\"valueName\":\"search_term_string\"}}],\"inLanguage\":\"fr-FR\"},{\"@type\":\"Organization\",\"@id\":\"https:\/\/astrobook.fr\/#organization\",\"name\":\"Astrobook\",\"url\":\"https:\/\/astrobook.fr\/\",\"logo\":{\"@type\":\"ImageObject\",\"inLanguage\":\"fr-FR\",\"@id\":\"https:\/\/astrobook.fr\/#\/schema\/logo\/image\/\",\"url\":\"https:\/\/astrobook.fr\/wp-content\/uploads\/2020\/11\/logoAstrobook-gr.png\",\"contentUrl\":\"https:\/\/astrobook.fr\/wp-content\/uploads\/2020\/11\/logoAstrobook-gr.png\",\"width\":155,\"height\":100,\"caption\":\"Astrobook\"},\"image\":{\"@id\":\"https:\/\/astrobook.fr\/#\/schema\/logo\/image\/\"}}]}<\/script>\n<!-- \/ Yoast SEO plugin. -->","yoast_head_json":{"title":"\"Les AstroCAT's\" - Volume 1 : Ciel de Printemps - Astrobook","robots":{"index":"index","follow":"follow","max-snippet":"max-snippet:-1","max-image-preview":"max-image-preview:large","max-video-preview":"max-video-preview:-1"},"canonical":"https:\/\/astrobook.fr\/?product=collection-les-astrocats-volume1-ciel-de-printemps","og_locale":"fr_FR","og_type":"article","og_title":"\"Les AstroCAT's\" - Volume 1 : Ciel de Printemps - Astrobook","og_description":"Apr\u00e8s la r\u00e9alisation des \u00ab Atlas des Constellations \u00bb, Voici de nouveaux recueils pour l\u2019observation des objets du ciel profond, mais suivant une nouvelle approche si possible compl\u00e9mentaire. l\u2019id\u00e9e principale est ici de faire non pas un guide de r\u00e9f\u00e9rence, mais plut\u00f4t des m\u00e9mos pratiques sous la forme d\u2019une collection compl\u00e8te pour une utilisation en [&hellip;]","og_url":"https:\/\/astrobook.fr\/?product=collection-les-astrocats-volume1-ciel-de-printemps","og_site_name":"Astrobook","article_modified_time":"2026-04-09T14:08:05+00:00","og_image":[{"width":520,"height":520,"url":"https:\/\/astrobook.fr\/wp-content\/uploads\/2024\/12\/AsCAT-Printemps.png","type":"image\/png"}],"twitter_card":"summary_large_image","twitter_misc":{"Dur\u00e9e de lecture estim\u00e9e":"2 minutes"},"schema":{"@context":"https:\/\/schema.org","@graph":[{"@type":"WebPage","@id":"https:\/\/astrobook.fr\/?product=collection-les-astrocats-volume1-ciel-de-printemps","url":"https:\/\/astrobook.fr\/?product=collection-les-astrocats-volume1-ciel-de-printemps","name":"\"Les AstroCAT's\" - Volume 1 : Ciel de Printemps - Astrobook","isPartOf":{"@id":"https:\/\/astrobook.fr\/#website"},"primaryImageOfPage":{"@id":"https:\/\/astrobook.fr\/?product=collection-les-astrocats-volume1-ciel-de-printemps#primaryimage"},"image":{"@id":"https:\/\/astrobook.fr\/?product=collection-les-astrocats-volume1-ciel-de-printemps#primaryimage"},"thumbnailUrl":"https:\/\/astrobook.fr\/wp-content\/uploads\/2024\/12\/AsCAT-Printemps.png","datePublished":"2025-03-31T22:00:26+00:00","dateModified":"2026-04-09T14:08:05+00:00","breadcrumb":{"@id":"https:\/\/astrobook.fr\/?product=collection-les-astrocats-volume1-ciel-de-printemps#breadcrumb"},"inLanguage":"fr-FR","potentialAction":[{"@type":"ReadAction","target":["https:\/\/astrobook.fr\/?product=collection-les-astrocats-volume1-ciel-de-printemps"]}]},{"@type":"ImageObject","inLanguage":"fr-FR","@id":"https:\/\/astrobook.fr\/?product=collection-les-astrocats-volume1-ciel-de-printemps#primaryimage","url":"https:\/\/astrobook.fr\/wp-content\/uploads\/2024\/12\/AsCAT-Printemps.png","contentUrl":"https:\/\/astrobook.fr\/wp-content\/uploads\/2024\/12\/AsCAT-Printemps.png","width":520,"height":520},{"@type":"BreadcrumbList","@id":"https:\/\/astrobook.fr\/?product=collection-les-astrocats-volume1-ciel-de-printemps#breadcrumb","itemListElement":[{"@type":"ListItem","position":1,"name":"Accueil","item":"https:\/\/astrobook.fr\/"},{"@type":"ListItem","position":2,"name":"La Boutique","item":"https:\/\/astrobook.fr\/?page_id=25"},{"@type":"ListItem","position":3,"name":"\u00ab\u00a0Les AstroCAT&rsquo;s\u00a0\u00bb &#8211; Volume 1 : Ciel de Printemps"}]},{"@type":"WebSite","@id":"https:\/\/astrobook.fr\/#website","url":"https:\/\/astrobook.fr\/","name":"Astrobook","description":"Ouvrages Cartographiques du Ciel","publisher":{"@id":"https:\/\/astrobook.fr\/#organization"},"potentialAction":[{"@type":"SearchAction","target":{"@type":"EntryPoint","urlTemplate":"https:\/\/astrobook.fr\/?s={search_term_string}"},"query-input":{"@type":"PropertyValueSpecification","valueRequired":true,"valueName":"search_term_string"}}],"inLanguage":"fr-FR"},{"@type":"Organization","@id":"https:\/\/astrobook.fr\/#organization","name":"Astrobook","url":"https:\/\/astrobook.fr\/","logo":{"@type":"ImageObject","inLanguage":"fr-FR","@id":"https:\/\/astrobook.fr\/#\/schema\/logo\/image\/","url":"https:\/\/astrobook.fr\/wp-content\/uploads\/2020\/11\/logoAstrobook-gr.png","contentUrl":"https:\/\/astrobook.fr\/wp-content\/uploads\/2020\/11\/logoAstrobook-gr.png","width":155,"height":100,"caption":"Astrobook"},"image":{"@id":"https:\/\/astrobook.fr\/#\/schema\/logo\/image\/"}}]}},"jetpack_sharing_enabled":true,"_links":{"self":[{"href":"https:\/\/astrobook.fr\/index.php?rest_route=\/wp\/v2\/product\/495","targetHints":{"allow":["GET"]}}],"collection":[{"href":"https:\/\/astrobook.fr\/index.php?rest_route=\/wp\/v2\/product"}],"about":[{"href":"https:\/\/astrobook.fr\/index.php?rest_route=\/wp\/v2\/types\/product"}],"replies":[{"embeddable":true,"href":"https:\/\/astrobook.fr\/index.php?rest_route=%2Fwp%2Fv2%2Fcomments&post=495"}],"wp:featuredmedia":[{"embeddable":true,"href":"https:\/\/astrobook.fr\/index.php?rest_route=\/wp\/v2\/media\/513"}],"wp:attachment":[{"href":"https:\/\/astrobook.fr\/index.php?rest_route=%2Fwp%2Fv2%2Fmedia&parent=495"}],"wp:term":[{"taxonomy":"product_cat","embeddable":true,"href":"https:\/\/astrobook.fr\/index.php?rest_route=%2Fwp%2Fv2%2Fproduct_cat&post=495"},{"taxonomy":"product_tag","embeddable":true,"href":"https:\/\/astrobook.fr\/index.php?rest_route=%2Fwp%2Fv2%2Fproduct_tag&post=495"}],"curies":[{"name":"wp","href":"https:\/\/api.w.org\/{rel}","templated":true}]}}